{"id":278,"date":"2022-10-12T15:20:06","date_gmt":"2022-10-12T15:20:06","guid":{"rendered":"https:\/\/aebarros.com.br\/?page_id=278"},"modified":"2025-04-11T15:51:44","modified_gmt":"2025-04-11T15:51:44","slug":"quem-somos","status":"publish","type":"page","link":"https:\/\/aebarros.com.br\/index.php\/quem-somos\/","title":{"rendered":"QUEM SOMOS"},"content":{"rendered":"\t\t<div data-elementor-type=\"wp-page\" data-elementor-id=\"278\" class=\"elementor elementor-278\">\n\t\t\t\t\t\t\t\t\t<section class=\"elementor-section elementor-top-section elementor-element elementor-element-a9d0c41 elementor-section-boxed elementor-section-height-default elementor-section-height-default\" data-id=\"a9d0c41\" data-element_type=\"section\" data-settings=\"{&quot;_ha_eqh_enable&quot;:false}\">\n\t\t\t\t\t\t<div class=\"elementor-container elementor-column-gap-default\">\n\t\t\t\t\t<div class=\"elementor-column elementor-col-100 elementor-top-column elementor-element elementor-element-29b41aa\" data-id=\"29b41aa\" data-element_type=\"column\">\n\t\t\t<div class=\"elementor-widget-wrap elementor-element-populated\">\n\t\t\t\t\t\t\t\t<div class=\"elementor-element elementor-element-659092b elementor-widget elementor-widget-heading\" data-id=\"659092b\" data-element_type=\"widget\" data-widget_type=\"heading.default\">\n\t\t\t\t<div class=\"elementor-widget-container\">\n\t\t\t<style>\/*! elementor - v3.7.8 - 02-10-2022 *\/\n.elementor-heading-title{padding:0;margin:0;line-height:1}.elementor-widget-heading .elementor-heading-title[class*=elementor-size-]>a{color:inherit;font-size:inherit;line-height:inherit}.elementor-widget-heading .elementor-heading-title.elementor-size-small{font-size:15px}.elementor-widget-heading .elementor-heading-title.elementor-size-medium{font-size:19px}.elementor-widget-heading .elementor-heading-title.elementor-size-large{font-size:29px}.elementor-widget-heading .elementor-heading-title.elementor-size-xl{font-size:39px}.elementor-widget-heading .elementor-heading-title.elementor-size-xxl{font-size:59px}<\/style><h1 class=\"elementor-heading-title elementor-size-default\">Quem somos<\/h1>\t\t<\/div>\n\t\t\t\t<\/div>\n\t\t\t\t\t<\/div>\n\t\t<\/div>\n\t\t\t\t\t\t\t<\/div>\n\t\t<\/section>\n\t\t\t\t<section class=\"elementor-section elementor-top-section elementor-element elementor-element-4fe1359 elementor-section-boxed elementor-section-height-default elementor-section-height-default\" data-id=\"4fe1359\" data-element_type=\"section\" data-settings=\"{&quot;_ha_eqh_enable&quot;:false}\">\n\t\t\t\t\t\t<div class=\"elementor-container elementor-column-gap-default\">\n\t\t\t\t\t<div class=\"elementor-column elementor-col-50 elementor-top-column elementor-element elementor-element-597d201\" data-id=\"597d201\" data-element_type=\"column\">\n\t\t\t<div class=\"elementor-widget-wrap elementor-element-populated\">\n\t\t\t\t\t\t\t\t<div class=\"elementor-element elementor-element-bfeb4bf elementor-widget elementor-widget-text-editor\" data-id=\"bfeb4bf\" data-element_type=\"widget\" data-widget_type=\"text-editor.default\">\n\t\t\t\t<div class=\"elementor-widget-container\">\n\t\t\t<style>\/*! elementor - v3.7.8 - 02-10-2022 *\/\n.elementor-widget-text-editor.elementor-drop-cap-view-stacked .elementor-drop-cap{background-color:#818a91;color:#fff}.elementor-widget-text-editor.elementor-drop-cap-view-framed .elementor-drop-cap{color:#818a91;border:3px solid;background-color:transparent}.elementor-widget-text-editor:not(.elementor-drop-cap-view-default) .elementor-drop-cap{margin-top:8px}.elementor-widget-text-editor:not(.elementor-drop-cap-view-default) .elementor-drop-cap-letter{width:1em;height:1em}.elementor-widget-text-editor .elementor-drop-cap{float:left;text-align:center;line-height:1;font-size:50px}.elementor-widget-text-editor .elementor-drop-cap-letter{display:inline-block}<\/style>\t\t\t\t\t\t\t\t\t\t<\/div>\n\t\t\t\t<\/div>\n\t\t\t\t<div class=\"elementor-element elementor-element-c8a494e elementor-widget elementor-widget-text-editor\" data-id=\"c8a494e\" data-element_type=\"widget\" data-widget_type=\"text-editor.default\">\n\t\t\t\t<div class=\"elementor-widget-container\">\n\t\t\t\t\t\t\t<p>Nascida em Janeiro de 1976, a Autoescola Barros vem formando os melhores condutores e profissionais de transporte de Itapetininga e regi\u00e3o, sempre focando na qualidade e na honestidade dos servi\u00e7os prestados.Com uma grande preocupa\u00e7\u00e3o em fornecer servi\u00e7os de qualidade, sempre procurou os melhores profissionais e os melhores cursos de capacita\u00e7\u00e3o de seus funcion\u00e1rios, a fim de garantir o que h\u00e1 de melhor aos seus clientes.<\/p><p>A Autoescola Barros est\u00e1 sempre \u00e0 procura para oferecer todos os cursos dispon\u00edveis para a forma\u00e7\u00e3o de condutores profissionais, condutores especiais e 1\u00aa habilita\u00e7\u00e3o, com o melhor custo\/benef\u00edcio da cidade.A Autoescola Barros oferece uma moderna infraestrutura para a realiza\u00e7\u00e3o das aulas te\u00f3ricas e ve\u00edculos modernos e em perfeitas condi\u00e7\u00f5es para a realiza\u00e7\u00e3o das aulas pr\u00e1ticas.<\/p><p>Venha para a Autoescola Barros. Tradi\u00e7\u00e3o e qualidade merecidas para a realiza\u00e7\u00e3o do seu sonho de liberdade!<\/p>\t\t\t\t\t\t<\/div>\n\t\t\t\t<\/div>\n\t\t\t\t\t<\/div>\n\t\t<\/div>\n\t\t\t\t<div class=\"elementor-column elementor-col-50 elementor-top-column elementor-element elementor-element-1ceefd1\" data-id=\"1ceefd1\" data-element_type=\"column\">\n\t\t\t<div class=\"elementor-widget-wrap elementor-element-populated\">\n\t\t\t\t\t\t\t\t<div class=\"elementor-element elementor-element-62ced97 elementor-widget elementor-widget-image\" data-id=\"62ced97\" data-element_type=\"widget\" data-widget_type=\"image.default\">\n\t\t\t\t<div class=\"elementor-widget-container\">\n\t\t\t<style>\/*! elementor - v3.7.8 - 02-10-2022 *\/\n.elementor-widget-image{text-align:center}.elementor-widget-image a{display:inline-block}.elementor-widget-image a img[src$=\".svg\"]{width:48px}.elementor-widget-image img{vertical-align:middle;display:inline-block}<\/style>\t\t\t\t\t\t\t\t\t\t\t\t<img loading=\"lazy\" decoding=\"async\" width=\"300\" height=\"238\" src=\"https:\/\/aebarros.com.br\/wp-content\/uploads\/2023\/06\/WhatsApp-Image-2023-06-25-at-22.22.13-300x238.jpeg\" class=\"elementor-animation-grow attachment-medium size-medium\" alt=\"\" srcset=\"https:\/\/aebarros.com.br\/wp-content\/uploads\/2023\/06\/WhatsApp-Image-2023-06-25-at-22.22.13-300x238.jpeg 300w, https:\/\/aebarros.com.br\/wp-content\/uploads\/2023\/06\/WhatsApp-Image-2023-06-25-at-22.22.13-768x609.jpeg 768w, https:\/\/aebarros.com.br\/wp-content\/uploads\/2023\/06\/WhatsApp-Image-2023-06-25-at-22.22.13.jpeg 1024w\" sizes=\"auto, (max-width: 300px) 100vw, 300px\" \/>\t\t\t\t\t\t\t\t\t\t\t\t\t\t\t<\/div>\n\t\t\t\t<\/div>\n\t\t\t\t<div class=\"elementor-element elementor-element-60c5845 elementor-widget elementor-widget-image\" data-id=\"60c5845\" data-element_type=\"widget\" data-widget_type=\"image.default\">\n\t\t\t\t<div class=\"elementor-widget-container\">\n\t\t\t\t\t\t\t\t\t\t\t\t\t\t\t<img loading=\"lazy\" decoding=\"async\" width=\"300\" height=\"200\" src=\"https:\/\/aebarros.com.br\/wp-content\/uploads\/2023\/06\/WhatsApp-Image-2023-06-25-at-22.22.14-300x200.jpeg\" class=\"elementor-animation-grow attachment-medium size-medium\" alt=\"\" srcset=\"https:\/\/aebarros.com.br\/wp-content\/uploads\/2023\/06\/WhatsApp-Image-2023-06-25-at-22.22.14-300x200.jpeg 300w, https:\/\/aebarros.com.br\/wp-content\/uploads\/2023\/06\/WhatsApp-Image-2023-06-25-at-22.22.14-1024x683.jpeg 1024w, https:\/\/aebarros.com.br\/wp-content\/uploads\/2023\/06\/WhatsApp-Image-2023-06-25-at-22.22.14-768x512.jpeg 768w, https:\/\/aebarros.com.br\/wp-content\/uploads\/2023\/06\/WhatsApp-Image-2023-06-25-at-22.22.14.jpeg 1440w\" sizes=\"auto, (max-width: 300px) 100vw, 300px\" \/>\t\t\t\t\t\t\t\t\t\t\t\t\t\t\t<\/div>\n\t\t\t\t<\/div>\n\t\t\t\t\t<\/div>\n\t\t<\/div>\n\t\t\t\t\t\t\t<\/div>\n\t\t<\/section>\n\t\t\t\t<section class=\"elementor-section elementor-top-section elementor-element elementor-element-805e6a3 elementor-section-boxed elementor-section-height-default elementor-section-height-default\" data-id=\"805e6a3\" data-element_type=\"section\" data-settings=\"{&quot;_ha_eqh_enable&quot;:false}\">\n\t\t\t\t\t\t<div class=\"elementor-container elementor-column-gap-default\">\n\t\t\t\t\t<div class=\"elementor-column elementor-col-100 elementor-top-column elementor-element elementor-element-1d690a1\" data-id=\"1d690a1\" data-element_type=\"column\">\n\t\t\t<div class=\"elementor-widget-wrap elementor-element-populated\">\n\t\t\t\t\t\t\t\t<div class=\"elementor-element elementor-element-59e031f elementor-widget elementor-widget-heading\" data-id=\"59e031f\" data-element_type=\"widget\" data-widget_type=\"heading.default\">\n\t\t\t\t<div class=\"elementor-widget-container\">\n\t\t\t<h1 class=\"elementor-heading-title elementor-size-default\">Conhe\u00e7a nossa frota<\/h1>\t\t<\/div>\n\t\t\t\t<\/div>\n\t\t\t\t\t<\/div>\n\t\t<\/div>\n\t\t\t\t\t\t\t<\/div>\n\t\t<\/section>\n\t\t\t\t<section data-ha-element-link=\"{&quot;url&quot;:&quot;https:\\\/\\\/aebarros.com.br\\\/index.php\\\/frota\\\/&quot;,&quot;is_external&quot;:&quot;&quot;,&quot;nofollow&quot;:&quot;&quot;,&quot;custom_attributes&quot;:&quot;&quot;}\" style=\"cursor: pointer\" class=\"elementor-section elementor-top-section elementor-element elementor-element-b1b5672 elementor-section-boxed elementor-section-height-default elementor-section-height-default\" data-id=\"b1b5672\" data-element_type=\"section\" data-settings=\"{&quot;_ha_eqh_enable&quot;:false}\">\n\t\t\t\t\t\t<div class=\"elementor-container elementor-column-gap-default\">\n\t\t\t\t\t<div class=\"elementor-column elementor-col-100 elementor-top-column elementor-element elementor-element-071a962\" data-id=\"071a962\" data-element_type=\"column\">\n\t\t\t<div class=\"elementor-widget-wrap elementor-element-populated\">\n\t\t\t\t\t\t\t\t<div class=\"elementor-element elementor-element-8bd50f2 elementor-arrows-position-inside elementor-pagination-position-outside elementor-widget elementor-widget-image-carousel\" data-id=\"8bd50f2\" data-element_type=\"widget\" data-settings=\"{&quot;navigation&quot;:&quot;both&quot;,&quot;autoplay&quot;:&quot;yes&quot;,&quot;pause_on_hover&quot;:&quot;yes&quot;,&quot;pause_on_interaction&quot;:&quot;yes&quot;,&quot;autoplay_speed&quot;:5000,&quot;infinite&quot;:&quot;yes&quot;,&quot;speed&quot;:500}\" data-widget_type=\"image-carousel.default\">\n\t\t\t\t<div class=\"elementor-widget-container\">\n\t\t\t<style>\/*! elementor - v3.7.8 - 02-10-2022 *\/\n.elementor-widget-image-carousel .swiper-container{position:static}.elementor-widget-image-carousel .swiper-container .swiper-slide figure{line-height:inherit}.elementor-widget-image-carousel .swiper-slide{text-align:center}.elementor-image-carousel-wrapper:not(.swiper-container-initialized) .swiper-slide{max-width:calc(100% \/ var(--e-image-carousel-slides-to-show, 3))}<\/style>\t\t<div class=\"elementor-image-carousel-wrapper swiper-container\" dir=\"ltr\">\n\t\t\t<div class=\"elementor-image-carousel swiper-wrapper\">\n\t\t\t\t\t\t\t\t<div class=\"swiper-slide\"><a data-elementor-open-lightbox=\"yes\" data-elementor-lightbox-slideshow=\"8bd50f2\" data-elementor-lightbox-title=\"WhatsApp Image 2023-02-27 at 11.47.29\" e-action-hash=\"#elementor-action%3Aaction%3Dlightbox%26settings%3DeyJpZCI6NDY0LCJ1cmwiOiJodHRwczpcL1wvYWViYXJyb3MuY29tLmJyXC93cC1jb250ZW50XC91cGxvYWRzXC8yMDIzXC8wNlwvV2hhdHNBcHAtSW1hZ2UtMjAyMy0wMi0yNy1hdC0xMS40Ny4yOS5qcGVnIiwic2xpZGVzaG93IjoiOGJkNTBmMiJ9\" href=\"https:\/\/aebarros.com.br\/index.php\/frota\/\"><figure class=\"swiper-slide-inner\"><img decoding=\"async\" class=\"swiper-slide-image\" src=\"https:\/\/aebarros.com.br\/wp-content\/uploads\/2023\/06\/WhatsApp-Image-2023-02-27-at-11.47.29-1024x576.jpeg\" alt=\"WhatsApp Image 2023-02-27 at 11.47.29\" \/><\/figure><\/a><\/div><div class=\"swiper-slide\"><a data-elementor-open-lightbox=\"yes\" data-elementor-lightbox-slideshow=\"8bd50f2\" data-elementor-lightbox-title=\"WhatsApp Image 2023-02-27 at 11.47.29 (1)\" e-action-hash=\"#elementor-action%3Aaction%3Dlightbox%26settings%3DeyJpZCI6NDYzLCJ1cmwiOiJodHRwczpcL1wvYWViYXJyb3MuY29tLmJyXC93cC1jb250ZW50XC91cGxvYWRzXC8yMDIzXC8wNlwvV2hhdHNBcHAtSW1hZ2UtMjAyMy0wMi0yNy1hdC0xMS40Ny4yOS0xLmpwZWciLCJzbGlkZXNob3ciOiI4YmQ1MGYyIn0%3D\" href=\"https:\/\/aebarros.com.br\/index.php\/frota\/\"><figure class=\"swiper-slide-inner\"><img decoding=\"async\" class=\"swiper-slide-image\" src=\"https:\/\/aebarros.com.br\/wp-content\/uploads\/2023\/06\/WhatsApp-Image-2023-02-27-at-11.47.29-1-1024x576.jpeg\" alt=\"WhatsApp Image 2023-02-27 at 11.47.29 (1)\" \/><\/figure><\/a><\/div><div class=\"swiper-slide\"><a data-elementor-open-lightbox=\"yes\" data-elementor-lightbox-slideshow=\"8bd50f2\" data-elementor-lightbox-title=\"WhatsApp Image 2023-02-27 at 11.47.28\" e-action-hash=\"#elementor-action%3Aaction%3Dlightbox%26settings%3DeyJpZCI6NDYyLCJ1cmwiOiJodHRwczpcL1wvYWViYXJyb3MuY29tLmJyXC93cC1jb250ZW50XC91cGxvYWRzXC8yMDIzXC8wNlwvV2hhdHNBcHAtSW1hZ2UtMjAyMy0wMi0yNy1hdC0xMS40Ny4yOC5qcGVnIiwic2xpZGVzaG93IjoiOGJkNTBmMiJ9\" href=\"https:\/\/aebarros.com.br\/index.php\/frota\/\"><figure class=\"swiper-slide-inner\"><img decoding=\"async\" class=\"swiper-slide-image\" src=\"https:\/\/aebarros.com.br\/wp-content\/uploads\/2023\/06\/WhatsApp-Image-2023-02-27-at-11.47.28-1024x576.jpeg\" alt=\"WhatsApp Image 2023-02-27 at 11.47.28\" \/><\/figure><\/a><\/div><div class=\"swiper-slide\"><a data-elementor-open-lightbox=\"yes\" data-elementor-lightbox-slideshow=\"8bd50f2\" data-elementor-lightbox-title=\"WhatsApp Image 2023-02-27 at 11.48.28\" e-action-hash=\"#elementor-action%3Aaction%3Dlightbox%26settings%3DeyJpZCI6NDY1LCJ1cmwiOiJodHRwczpcL1wvYWViYXJyb3MuY29tLmJyXC93cC1jb250ZW50XC91cGxvYWRzXC8yMDIzXC8wNlwvV2hhdHNBcHAtSW1hZ2UtMjAyMy0wMi0yNy1hdC0xMS40OC4yOC5qcGVnIiwic2xpZGVzaG93IjoiOGJkNTBmMiJ9\" href=\"https:\/\/aebarros.com.br\/index.php\/frota\/\"><figure class=\"swiper-slide-inner\"><img decoding=\"async\" class=\"swiper-slide-image\" src=\"https:\/\/aebarros.com.br\/wp-content\/uploads\/2023\/06\/WhatsApp-Image-2023-02-27-at-11.48.28.jpeg\" alt=\"WhatsApp Image 2023-02-27 at 11.48.28\" \/><\/figure><\/a><\/div><div class=\"swiper-slide\"><a data-elementor-open-lightbox=\"yes\" data-elementor-lightbox-slideshow=\"8bd50f2\" data-elementor-lightbox-title=\"WhatsApp Image 2023-02-27 at 11.48.41\" e-action-hash=\"#elementor-action%3Aaction%3Dlightbox%26settings%3DeyJpZCI6NDY2LCJ1cmwiOiJodHRwczpcL1wvYWViYXJyb3MuY29tLmJyXC93cC1jb250ZW50XC91cGxvYWRzXC8yMDIzXC8wNlwvV2hhdHNBcHAtSW1hZ2UtMjAyMy0wMi0yNy1hdC0xMS40OC40MS5qcGVnIiwic2xpZGVzaG93IjoiOGJkNTBmMiJ9\" href=\"https:\/\/aebarros.com.br\/index.php\/frota\/\"><figure class=\"swiper-slide-inner\"><img decoding=\"async\" class=\"swiper-slide-image\" src=\"https:\/\/aebarros.com.br\/wp-content\/uploads\/2023\/06\/WhatsApp-Image-2023-02-27-at-11.48.41.jpeg\" alt=\"WhatsApp Image 2023-02-27 at 11.48.41\" \/><\/figure><\/a><\/div><div class=\"swiper-slide\"><a data-elementor-open-lightbox=\"yes\" data-elementor-lightbox-slideshow=\"8bd50f2\" data-elementor-lightbox-title=\"WhatsApp Image 2023-02-27 at 11.47.28 (1)\" e-action-hash=\"#elementor-action%3Aaction%3Dlightbox%26settings%3DeyJpZCI6NDYxLCJ1cmwiOiJodHRwczpcL1wvYWViYXJyb3MuY29tLmJyXC93cC1jb250ZW50XC91cGxvYWRzXC8yMDIzXC8wNlwvV2hhdHNBcHAtSW1hZ2UtMjAyMy0wMi0yNy1hdC0xMS40Ny4yOC0xLmpwZWciLCJzbGlkZXNob3ciOiI4YmQ1MGYyIn0%3D\" href=\"https:\/\/aebarros.com.br\/index.php\/frota\/\"><figure class=\"swiper-slide-inner\"><img decoding=\"async\" class=\"swiper-slide-image\" src=\"https:\/\/aebarros.com.br\/wp-content\/uploads\/2023\/06\/WhatsApp-Image-2023-02-27-at-11.47.28-1-1024x576.jpeg\" alt=\"WhatsApp Image 2023-02-27 at 11.47.28 (1)\" \/><\/figure><\/a><\/div><div class=\"swiper-slide\"><a data-elementor-open-lightbox=\"yes\" data-elementor-lightbox-slideshow=\"8bd50f2\" data-elementor-lightbox-title=\"WhatsApp Image 2023-02-27 at 11.47.26\" e-action-hash=\"#elementor-action%3Aaction%3Dlightbox%26settings%3DeyJpZCI6NDYwLCJ1cmwiOiJodHRwczpcL1wvYWViYXJyb3MuY29tLmJyXC93cC1jb250ZW50XC91cGxvYWRzXC8yMDIzXC8wNlwvV2hhdHNBcHAtSW1hZ2UtMjAyMy0wMi0yNy1hdC0xMS40Ny4yNi5qcGVnIiwic2xpZGVzaG93IjoiOGJkNTBmMiJ9\" href=\"https:\/\/aebarros.com.br\/index.php\/frota\/\"><figure class=\"swiper-slide-inner\"><img decoding=\"async\" class=\"swiper-slide-image\" src=\"https:\/\/aebarros.com.br\/wp-content\/uploads\/2023\/06\/WhatsApp-Image-2023-02-27-at-11.47.26-1024x576.jpeg\" alt=\"WhatsApp Image 2023-02-27 at 11.47.26\" \/><\/figure><\/a><\/div>\t\t\t<\/div>\n\t\t\t\t\t\t\t\t\t\t\t\t<div class=\"swiper-pagination\"><\/div>\n\t\t\t\t\t\t\t\t\t\t\t\t\t<div class=\"elementor-swiper-button elementor-swiper-button-prev\">\n\t\t\t\t\t\t<i aria-hidden=\"true\" class=\"eicon-chevron-left\"><\/i>\t\t\t\t\t\t<span class=\"elementor-screen-only\">Anterior<\/span>\n\t\t\t\t\t<\/div>\n\t\t\t\t\t<div class=\"elementor-swiper-button elementor-swiper-button-next\">\n\t\t\t\t\t\t<i aria-hidden=\"true\" class=\"eicon-chevron-right\"><\/i>\t\t\t\t\t\t<span class=\"elementor-screen-only\">Pr\u00f3ximo<\/span>\n\t\t\t\t\t<\/div>\n\t\t\t\t\t\t\t\t\t<\/div>\n\t\t\t\t<\/div>\n\t\t\t\t<\/div>\n\t\t\t\t\t<\/div>\n\t\t<\/div>\n\t\t\t\t\t\t\t<\/div>\n\t\t<\/section>\n\t\t\t\t\t\t\t<\/div>\n\t\t","protected":false},"excerpt":{"rendered":"<p>Quem somos Nascida em Janeiro de 1976, a Autoescola Barros vem formando os melhores condutores e profissionais de transporte de Itapetininga e regi\u00e3o, sempre focando na qualidade e na honestidade dos servi\u00e7os prestados.Com uma grande preocupa\u00e7\u00e3o em fornecer servi\u00e7os de qualidade, sempre procurou os melhores profissionais e os melhores cursos de capacita\u00e7\u00e3o de seus funcion\u00e1rios, [&hellip;]<\/p>\n","protected":false},"author":1,"featured_media":0,"parent":0,"menu_order":0,"comment_status":"closed","ping_status":"closed","template":"","meta":{"footnotes":""},"class_list":["post-278","page","type-page","status-publish","hentry","wpbf-post"],"_links":{"self":[{"href":"https:\/\/aebarros.com.br\/index.php\/wp-json\/wp\/v2\/pages\/278","targetHints":{"allow":["GET"]}}],"collection":[{"href":"https:\/\/aebarros.com.br\/index.php\/wp-json\/wp\/v2\/pages"}],"about":[{"href":"https:\/\/aebarros.com.br\/index.php\/wp-json\/wp\/v2\/types\/page"}],"author":[{"embeddable":true,"href":"https:\/\/aebarros.com.br\/index.php\/wp-json\/wp\/v2\/users\/1"}],"replies":[{"embeddable":true,"href":"https:\/\/aebarros.com.br\/index.php\/wp-json\/wp\/v2\/comments?post=278"}],"version-history":[{"count":34,"href":"https:\/\/aebarros.com.br\/index.php\/wp-json\/wp\/v2\/pages\/278\/revisions"}],"predecessor-version":[{"id":593,"href":"https:\/\/aebarros.com.br\/index.php\/wp-json\/wp\/v2\/pages\/278\/revisions\/593"}],"wp:attachment":[{"href":"https:\/\/aebarros.com.br\/index.php\/wp-json\/wp\/v2\/media?parent=278"}],"curies":[{"name":"wp","href":"https:\/\/api.w.org\/{rel}","templated":true}]}}